{"id":13,"date":"2024-12-27T15:33:58","date_gmt":"2024-12-27T15:33:58","guid":{"rendered":"https:\/\/kringgroephartvantilburg.nl\/?page_id=13"},"modified":"2024-12-27T15:34:21","modified_gmt":"2024-12-27T15:34:21","slug":"trainingstijden","status":"publish","type":"page","link":"https:\/\/kringgroephartvantilburg.nl\/?page_id=13","title":{"rendered":"Trainingstijden"},"content":{"rendered":"\n<h2 class=\"wp-block-heading\">Zondag<\/h2>\n\n\n\n<p>08.30 uur speuren<br>10.30 uur app\u00e8l<br>12.00 uur pakwerk<\/p>\n\n\n\n<p><\/p>\n\n\n\n<h2 class=\"wp-block-heading\">Dinsdag<\/h2>\n\n\n\n<p>18.00 uur app\u00e8l<br>20.00 uur pakwerk<\/p>\n\n\n\n<p><\/p>\n\n\n\n<h2 class=\"wp-block-heading\">Donderdag<\/h2>\n\n\n\n<p>18.00 uur app\u00e8l<br>20.00 uur pakwerk<\/p>\n\n\n\n<p><\/p>\n\n\n\n<p><\/p>\n\n\n\n<p>Wilt u komen trainen, gelieve contact op te nemen met onze commissaris africhting:<br>Jan Hamers<br>tel.: +31(0)653396673<\/p>\n","protected":false},"excerpt":{"rendered":"<p>Zondag 08.30 uur speuren10.30 uur app\u00e8l12.00 uur pakwerk Dinsdag 18.00 uur app\u00e8l20.00 uur pakwerk Donderdag 18.00 uur app\u00e8l20.00 uur pakwerk Wilt u komen trainen, gelieve contact op te nemen met onze commissaris africhting:Jan Hamerstel.: +31(0)653396673<\/p>\n","protected":false},"author":3,"featured_media":0,"parent":5,"menu_order":0,"comment_status":"closed","ping_status":"closed","template":"","meta":{"saved_in_kubio":false,"footnotes":""},"class_list":["post-13","page","type-page","status-publish","hentry"],"kubio_ai_page_context":{"short_desc":"","purpose":"general"},"_links":{"self":[{"href":"https:\/\/kringgroephartvantilburg.nl\/index.php?rest_route=\/wp\/v2\/pages\/13","targetHints":{"allow":["GET"]}}],"collection":[{"href":"https:\/\/kringgroephartvantilburg.nl\/index.php?rest_route=\/wp\/v2\/pages"}],"about":[{"href":"https:\/\/kringgroephartvantilburg.nl\/index.php?rest_route=\/wp\/v2\/types\/page"}],"author":[{"embeddable":true,"href":"https:\/\/kringgroephartvantilburg.nl\/index.php?rest_route=\/wp\/v2\/users\/3"}],"replies":[{"embeddable":true,"href":"https:\/\/kringgroephartvantilburg.nl\/index.php?rest_route=%2Fwp%2Fv2%2Fcomments&post=13"}],"version-history":[{"count":1,"href":"https:\/\/kringgroephartvantilburg.nl\/index.php?rest_route=\/wp\/v2\/pages\/13\/revisions"}],"predecessor-version":[{"id":14,"href":"https:\/\/kringgroephartvantilburg.nl\/index.php?rest_route=\/wp\/v2\/pages\/13\/revisions\/14"}],"up":[{"embeddable":true,"href":"https:\/\/kringgroephartvantilburg.nl\/index.php?rest_route=\/wp\/v2\/pages\/5"}],"wp:attachment":[{"href":"https:\/\/kringgroephartvantilburg.nl\/index.php?rest_route=%2Fwp%2Fv2%2Fmedia&parent=13"}],"curies":[{"name":"wp","href":"https:\/\/api.w.org\/{rel}","templated":true}]}}